{"id":5021,"date":"2021-11-10T19:23:29","date_gmt":"2021-11-10T18:23:29","guid":{"rendered":"https:\/\/zellerseyfert.com\/kompetenzen\/gewerblicher-rechtsschutz-schutz-geistigen-eigentums\/grenzbeschlagnahmeverfahren-zoll\/"},"modified":"2022-04-18T23:35:17","modified_gmt":"2022-04-18T21:35:17","slug":"grenzbeschlagnahmeverfahren-zoll","status":"publish","type":"page","link":"https:\/\/zellerseyfert.com\/de\/kompetenzen\/gewerblicher-rechtsschutz-schutz-geistigen-eigentums\/grenzbeschlagnahmeverfahren-zoll\/","title":{"rendered":"Grenz&shy;beschlag&shy;nahme&shy;verfahren (Zoll)"},"content":{"rendered":"\t\t<div data-elementor-type=\"wp-page\" data-elementor-id=\"5021\" class=\"elementor elementor-5021 elementor-2945\" data-elementor-post-type=\"page\">\n\t\t\t\t\t\t<section class=\"elementor-section elementor-top-section elementor-element elementor-element-24034a4 mb-section-medium mb-margin-bottom-75 elementor-reverse-mobile elementor-section-boxed elementor-section-height-default elementor-section-height-default\" data-id=\"24034a4\" data-element_type=\"section\" data-e-type=\"section\">\n\t\t\t\t\t\t<div class=\"elementor-container elementor-column-gap-default\">\n\t\t\t\t\t<div class=\"elementor-column elementor-col-100 elementor-top-column elementor-element elementor-element-7338073\" data-id=\"7338073\" data-element_type=\"column\" data-e-type=\"column\">\n\t\t\t<div class=\"elementor-widget-wrap elementor-element-populated\">\n\t\t\t\t\t\t<div class=\"elementor-element elementor-element-e06b029 elementor-widget elementor-widget-image\" data-id=\"e06b029\" data-element_type=\"widget\" data-e-type=\"widget\" data-widget_type=\"image.default\">\n\t\t\t\t<div class=\"elementor-widget-container\">\n\t\t\t\t\t\t\t\t\t\t\t\t\t\t\t<img fetchpriority=\"high\" decoding=\"async\" width=\"800\" height=\"450\" src=\"https:\/\/zellerseyfert.com\/wp-content\/uploads\/bild-farbig-border-seizure-procedures-1024x576.jpg\" class=\"attachment-large size-large wp-image-4632\" alt=\"\" srcset=\"https:\/\/zellerseyfert.com\/wp-content\/uploads\/bild-farbig-border-seizure-procedures-1024x576.jpg 1024w, https:\/\/zellerseyfert.com\/wp-content\/uploads\/bild-farbig-border-seizure-procedures-300x169.jpg 300w, https:\/\/zellerseyfert.com\/wp-content\/uploads\/bild-farbig-border-seizure-procedures-768x432.jpg 768w, https:\/\/zellerseyfert.com\/wp-content\/uploads\/bild-farbig-border-seizure-procedures-1536x864.jpg 1536w, https:\/\/zellerseyfert.com\/wp-content\/uploads\/bild-farbig-border-seizure-procedures.jpg 1600w\" sizes=\"(max-width: 800px) 100vw, 800px\" \/>\t\t\t\t\t\t\t\t\t\t\t\t\t\t\t<\/div>\n\t\t\t\t<\/div>\n\t\t\t\t<div class=\"elementor-element elementor-element-29cc9f3 mb-links-none elementor-widget elementor-widget-text-editor\" data-id=\"29cc9f3\" data-element_type=\"widget\" data-e-type=\"widget\" data-widget_type=\"text-editor.default\">\n\t\t\t\t<div class=\"elementor-widget-container\">\n\t\t\t\t\t\t\t\t\t<strong>Vertretung in Grenzbeschlagnahmeverfahren durch einen Fachanwalt f\u00fcr gewerblichen Rechtsschutz<\/strong>\r\n\r\nZELLER &amp; SEYFERT ist als Rechtsanwaltskanzlei darauf spezialisiert, ihre Mandanten in Grenzbeschlagnahmeverfahren durch den Zoll zu vertreten. Unsere Anw\u00e4lte gehen im Namen Ihres Unternehmens effektiv gegen Produktpiraterie vor. Unsere Anw\u00e4lte stoppen die nachgeahmten Waren bereits an der Grenze, noch bevor sie auf dem inl\u00e4ndischen Markt angeboten werden und Schaden anrichten k\u00f6nnen.\r\n\r\nUnsere Anw\u00e4lte stellen f\u00fcr Ihr Unternehmen einen Antrag auf T\u00e4tigwerden der Zollbeh\u00f6rden gegen\u00fcber potentiell nachgeahmten Waren bei der Zentralstelle Gewerblicher Rechtsschutz in M\u00fcnchen. Einmal bewilligt, verf\u00fcgen die Zoll-Au\u00dfenstellen im Falle des Verdachts, dass Waren die im Antrag genannten Rechte verletzen, die Aussetzung der \u00dcberlassung bzw. eine Zur\u00fcckhaltung der Ware.\r\n\r\n<strong>In den Grenzbeschlagnahmeverfahren k\u00f6nnen Sie sich auf folgende Schutzrechte st\u00fctzen:<\/strong>\r\n<ul>\r\n \t<li><a href=\"https:\/\/zellerseyfert.com\/de\/markenrecht.html\">Markenrechte<\/a><\/li>\r\n \t<li><a href=\"https:\/\/zellerseyfert.com\/de\/patentrecht-und-gebrauchsmusterrecht.html\">Patente<\/a><\/li>\r\n \t<li><a href=\"https:\/\/zellerseyfert.com\/de\/patentrecht-und-gebrauchsmusterrecht.html\">Gebrauchsmuster<\/a><\/li>\r\n \t<li><a href=\"https:\/\/zellerseyfert.com\/de\/geschmacksmusterrecht-designrecht.html\">Deutsche Designs und Gemeinschaftsgeschmacksmuster<\/a><\/li>\r\n \t<li><a href=\"https:\/\/zellerseyfert.com\/de\/urheberrecht-leistungsschutzrecht.html\">Urheberrechte<\/a><\/li>\r\n \t<li><a href=\"https:\/\/zellerseyfert.com\/de\/patentrecht-und-gebrauchsmusterrecht.html\">erg\u00e4nzende Schutzzertifikate<\/a><\/li>\r\n \t<li>Sortenschutzrechte<\/li>\r\n \t<li>geografische Herkunftsbezeichnungen<\/li>\r\n \t<li>Handelsnamen (ab voraussichtlich 2014)<\/li>\r\n<\/ul>\r\nUnsere Anw\u00e4lte unterst\u00fctzen Ihr Unternehmen auch dabei, gegen unerlaubte Parallelimporte vorzugehen. Ein unerlaubter Parallelimport ist die Einfuhr von Waren aus Drittl\u00e4ndern in die EU bzw. nach Deutschland ohne Ihre Zustimmung, wenn diese Waren zuvor mit Ihrer Zustimmung f\u00fcr ein Drittland bestimmt waren.\r\n\r\n&nbsp;\t\t\t\t\t\t\t\t<\/div>\n\t\t\t\t<\/div>\n\t\t\t\t<div class=\"elementor-element elementor-element-c979f2a mb-links-none elementor-widget elementor-widget-text-editor\" data-id=\"c979f2a\" data-element_type=\"widget\" data-e-type=\"widget\" data-widget_type=\"text-editor.default\">\n\t\t\t\t<div class=\"elementor-widget-container\">\n\t\t\t\t\t\t\t\t\t<strong>Grenzbeschlagnahmeverfahren: Umfassende Vertretung durch einen Fachanwalt auch vor Gericht<\/strong>\r\n\r\nZELLER &amp; SEYFERT betreuen Ihr Unternehmen in allen F\u00e4llen umfassend: Von der Beantragung des Grenzbeschlagnahmeverfahrens im Namen Ihres Unternehmens bis zur endg\u00fcltigen Vernichtung der beschlagnahmten Waren. Sollten nach einem Widerspruch des Verf\u00fcgungsberechtigten \u00fcber die beschlagnahmte Waren Gerichtsverfahren zur Aufrechterhaltung der Beschlagnahme notwendig werden, vertreten unsere Anw\u00e4lte Ihr Unternehmen nachfolgend umfassend vor den Landgerichten (Kammern f\u00fcr Handelssachen) und den Oberlandesgerichten. Dort fordern unsere Anw\u00e4lte im Namen Ihres Unternehmens insbesondere auch Auskunft zum Ausma\u00df der Rechtsverletzung sowie Schadensersatz. Unsere Anw\u00e4lte f\u00fchren Ihr Unternehmen vom Beginn des Verfahrens bis zum letztendlichen Erfolg.\r\n\r\n<strong>Verteidigung gegen unberechtigte Grenzbeschlagnahmen<\/strong>\r\n\r\nSollten Waren Ihres Unternehmens zu Unrecht beschlagnahmt worden sein, helfen unsere Anw\u00e4lte Ihrem Unternehmen dabei, diese wieder freizubekommen. ZELLER &amp; SEYFERT vertreten Ihr Unternehmen sowohl gegen\u00fcber den Zollbeh\u00f6rden als auch vor Gericht. Wegen der unberechtigten Grenzbeschlagnahme machen unsere Anw\u00e4lte im Namen Ihres Unternehmens ferner insbesondere Schadensersatzanspr\u00fcche gegen den Antragsteller der Grenzbeschlagnahme geltend. Unsere Anw\u00e4lte beraten Ihr Unternehmen im Einzelnen zu den erforderlichen Schritten sowie zu seinen Erfolgsaussichten im Grenzbeschlagnahmeverfahren.\t\t\t\t\t\t\t\t<\/div>\n\t\t\t\t<\/div>\n\t\t\t\t\t<\/div>\n\t\t<\/div>\n\t\t\t\t\t<\/div>\n\t\t<\/section>\n\t\t\t\t<\/div>\n\t\t","protected":false},"excerpt":{"rendered":"<p>Vertretung in Grenzbeschlagnahmeverfahren durch einen Fachanwalt f\u00fcr gewerblichen Rechtsschutz ZELLER &amp; SEYFERT ist als Rechtsanwaltskanzlei darauf spezialisiert, ihre Mandanten in Grenzbeschlagnahmeverfahren durch den Zoll zu vertreten. Unsere Anw\u00e4lte gehen im Namen Ihres Unternehmens effektiv gegen Produktpiraterie vor. Unsere Anw\u00e4lte stoppen die nachgeahmten Waren bereits an der Grenze, noch bevor sie auf dem inl\u00e4ndischen Markt angeboten [&hellip;]<\/p>\n","protected":false},"author":1,"featured_media":4790,"parent":4999,"menu_order":0,"comment_status":"closed","ping_status":"closed","template":"","meta":{"_acf_changed":false,"footnotes":""},"categories":[],"tags":[52],"class_list":["post-5021","page","type-page","status-publish","has-post-thumbnail","hentry","tag-expertise-template-de"],"acf":[],"_links":{"self":[{"href":"https:\/\/zellerseyfert.com\/de\/wp-json\/wp\/v2\/pages\/5021","targetHints":{"allow":["GET"]}}],"collection":[{"href":"https:\/\/zellerseyfert.com\/de\/wp-json\/wp\/v2\/pages"}],"about":[{"href":"https:\/\/zellerseyfert.com\/de\/wp-json\/wp\/v2\/types\/page"}],"author":[{"embeddable":true,"href":"https:\/\/zellerseyfert.com\/de\/wp-json\/wp\/v2\/users\/1"}],"replies":[{"embeddable":true,"href":"https:\/\/zellerseyfert.com\/de\/wp-json\/wp\/v2\/comments?post=5021"}],"version-history":[{"count":5,"href":"https:\/\/zellerseyfert.com\/de\/wp-json\/wp\/v2\/pages\/5021\/revisions"}],"predecessor-version":[{"id":7038,"href":"https:\/\/zellerseyfert.com\/de\/wp-json\/wp\/v2\/pages\/5021\/revisions\/7038"}],"up":[{"embeddable":true,"href":"https:\/\/zellerseyfert.com\/de\/wp-json\/wp\/v2\/pages\/4999"}],"wp:featuredmedia":[{"embeddable":true,"href":"https:\/\/zellerseyfert.com\/de\/wp-json\/wp\/v2\/media\/4790"}],"wp:attachment":[{"href":"https:\/\/zellerseyfert.com\/de\/wp-json\/wp\/v2\/media?parent=5021"}],"wp:term":[{"taxonomy":"category","embeddable":true,"href":"https:\/\/zellerseyfert.com\/de\/wp-json\/wp\/v2\/categories?post=5021"},{"taxonomy":"post_tag","embeddable":true,"href":"https:\/\/zellerseyfert.com\/de\/wp-json\/wp\/v2\/tags?post=5021"}],"curies":[{"name":"wp","href":"https:\/\/api.w.org\/{rel}","templated":true}]}}